{"id":7688,"date":"2025-03-07T09:46:44","date_gmt":"2025-03-07T09:46:44","guid":{"rendered":"https:\/\/dialogmuseum.de\/en\/?page_id=7688"},"modified":"2025-06-03T13:54:13","modified_gmt":"2025-06-03T13:54:13","slug":"out-of-sight_invisible-bodies","status":"publish","type":"page","link":"https:\/\/dialogmuseum.de\/en\/out-of-sight_invisible-bodies\/","title":{"rendered":"Out of sight_Invisible Bodies"},"content":{"rendered":"\n<h1 class=\"wp-block-heading\">OUT OF SIGHT &#8211;<br>Invisible Bodies<\/h1>\n\n\n\n<div class=\"wp-block-columns alignwide is-layout-flex wp-container-core-columns-is-layout-9d6595d7 wp-block-columns-is-layout-flex\">\n<div class=\"wp-block-column is-layout-flow wp-block-column-is-layout-flow\">\n<h2 class=\"wp-block-heading heading-size-3\">Compositions by <br>Neo H\u00fclcker and Roman Pfeifer<br>Premiere: 21.\/22. March 2025.<\/h2>\n\n\n\n<figure class=\"wp-block-image size-full is-resized\"><img loading=\"lazy\" decoding=\"async\" width=\"842\" height=\"595\" src=\"https:\/\/dialogmuseum.de\/en\/wp-content\/uploads\/sites\/2\/2024\/09\/Invisible-bodies-kleiner.jpg\" alt=\"Orange-coloured wave pattern in the background, flush left in white letters: &quot;out of sight \/ neue klangkunst im DIALOGMUSEUM&quot;.\" class=\"wp-image-7689\" style=\"width:548px;height:auto\" srcset=\"https:\/\/dialogmuseum.de\/en\/wp-content\/uploads\/sites\/2\/2024\/09\/Invisible-bodies-kleiner.jpg 842w, https:\/\/dialogmuseum.de\/en\/wp-content\/uploads\/sites\/2\/2024\/09\/Invisible-bodies-kleiner-300x212.jpg 300w, https:\/\/dialogmuseum.de\/en\/wp-content\/uploads\/sites\/2\/2024\/09\/Invisible-bodies-kleiner-768x543.jpg 768w\" sizes=\"auto, (max-width: 842px) 100vw, 842px\" \/><\/figure>\n<\/div>\n\n\n\n<div class=\"wp-block-column is-layout-flow wp-block-column-is-layout-flow\">\n<p><strong>Schnaubkorrespondenzen<\/strong><br>There is a group of psychologists in Vienna who research the snorting of horses. The psychologists are experts in deciphering blubber snorts, veto snorts, prusters, snorts (and many others) by ear and audiogram. They teach their principle of snort correspondence in an online course. From June 2024 to January 2025, I took part in the course and delved deeper and deeper into the acoustic subtleties of my pony Sami&#8217;s snorts. At the same time, I started further research and asked those around me about their horse experiences and, in particular, dreamed horse experiences. I became more and more interested in the actual interactions between horses and humans. Where do humans transfer their humanity onto horses? What do we project onto horses? Where is the difference between humans and horses? And what do they do in our dreams? All persons to be heard are FLINTA*.<\/p>\n\n\n\n<figure class=\"wp-block-video\"><video height=\"1920\" style=\"aspect-ratio: 1080 \/ 1920;\" width=\"1080\" controls src=\"https:\/\/dialogmuseum.de\/en\/wp-content\/uploads\/sites\/2\/2025\/03\/Neo-Hulcker_komprimiert.mp4\"><\/video><\/figure>\n\n\n\n<p><strong>Neo H\u00fclcker<\/strong><br>Neo H\u00fclcker is a composer* and performer<em>. His<\/em> works move between music theater and performance and deal with digital practices (such as ASMR), childhood, animal-human relationships, queer modes of action and cultural hacking. He is a member of the Y-E-S collective, which publishes artistic works that deal with performativity, temporality, sound as a physical experience and cultural framings, among other things.<br>Website: <a href=\"http:\/\/www.neohuelcker.de\">www.neohuelcker.de<\/a>.<\/p>\n\n\n\n<p>With many thanks to: Lisa F\u00fctterer, Armin Wieser, Elisabeth R. Hager, Alma Hager-Dombrowski, Flora Veit-Wild, Uli Schr\u00f6der, Henry Wilde aka Antonia Baehr, Carola Schaal, Paul H\u00fcbner, Thies Diestelkamp, Lucien Danzeisen, Renate Deiml, Roswitha Zink and Sami<br><br><strong>I am Radio<\/strong><br>Everyone knows how birds sing, but very few people have heard the whistling of the magnetosphere. And although man pretends to have invented electricity, radio waves are natural phenomena generated by electrical storms, thunderstorms, solar winds and other astronomical phenomena. It was this sound world that the first radio listeners heard, decades before the actual radio was invented. This piece is about exploring radio for what it is: a simple tool to understand electromagnetism as nature, to consider it as a resource and to explore the aesthetic experience of electromagnetism as a descendant of the aeolian. \u201cThe sky is only an antenna with a wide range\u201d (Andr\u00e9 Breton).<\/p>\n\n\n\n<figure class=\"wp-block-video\"><video height=\"1920\" style=\"aspect-ratio: 1080 \/ 1920;\" width=\"1080\" controls src=\"https:\/\/dialogmuseum.de\/en\/wp-content\/uploads\/sites\/2\/2025\/03\/Roman-Pfeifer_komprimiert.mp4\"><\/video><\/figure>\n\n\n\n<p><br><strong>Roman Pfeifer<\/strong>, born in Freiburg in 1976, composes, stages, produces and researches. He works processually, incorporating sound, instrument, movement, voice, light, space and sight. Resonance and just intonation, scenography, speech synthesis and speaking instruments as well as the extended field of music are cornerstones of his compositional exploration. Roman Pfeifer lives and works in Cologne.<br><br>Bass clarinet: Heni Hyunjung Kim<br>Performance: Linda Nordstr\u00f6m<\/p>\n<\/div>\n<\/div>\n\n\n\n<div class=\"wp-block-group alignfull image-with-overlapping-element\"><div class=\"wp-block-group__inner-container is-layout-flow wp-block-group-is-layout-flow\">\n<div class=\"wp-block-columns alignfull is-layout-flex wp-container-core-columns-is-layout-9d6595d7 wp-block-columns-is-layout-flex\"><\/div>\n<\/div><\/div>\n","protected":false},"excerpt":{"rendered":"<p>OUT OF SIGHT &#8211;Invisible Bodies Compositions by Neo H\u00fclcker and Roman PfeiferPremiere: 21.\/22. March 2025. SchnaubkorrespondenzenThere is a group of psychologists in Vienna who research the snorting of horses. The psychologists are experts in deciphering blubber snorts, veto snorts, prusters, snorts (and many others) by ear and audiogram. They teach their principle of snort correspondence [&hellip;]<\/p>\n","protected":false},"author":29,"featured_media":0,"parent":0,"menu_order":0,"comment_status":"closed","ping_status":"closed","template":"","meta":{"footnotes":""},"class_list":["post-7688","page","type-page","status-publish","hentry"],"yoast_head":"<!-- This site is optimized with the Yoast SEO plugin v27.3 - https:\/\/yoast.com\/product\/yoast-seo-wordpress\/ -->\n<title>Out of sight_Invisible Bodies - Dialogmuseum Frankfurt EN<\/title>\n<meta name=\"robots\" content=\"index, follow, max-snippet:-1, max-image-preview:large, max-video-preview:-1\" \/>\n<link rel=\"canonical\" href=\"https:\/\/dialogmuseum.de\/en\/out-of-sight_invisible-bodies\/\" \/>\n<meta property=\"og:locale\" content=\"en_US\" \/>\n<meta property=\"og:type\" content=\"article\" \/>\n<meta property=\"og:title\" content=\"Out of sight_Invisible Bodies - Dialogmuseum Frankfurt EN\" \/>\n<meta property=\"og:description\" content=\"OUT OF SIGHT &#8211;Invisible Bodies Compositions by Neo H\u00fclcker and Roman PfeiferPremiere: 21.\/22. March 2025. SchnaubkorrespondenzenThere is a group of psychologists in Vienna who research the snorting of horses. The psychologists are experts in deciphering blubber snorts, veto snorts, prusters, snorts (and many others) by ear and audiogram. They teach their principle of snort correspondence [&hellip;]\" \/>\n<meta property=\"og:url\" content=\"https:\/\/dialogmuseum.de\/en\/out-of-sight_invisible-bodies\/\" \/>\n<meta property=\"og:site_name\" content=\"Dialogmuseum Frankfurt EN\" \/>\n<meta property=\"article:modified_time\" content=\"2025-06-03T13:54:13+00:00\" \/>\n<meta property=\"og:image\" content=\"https:\/\/dialogmuseum.de\/en\/wp-content\/uploads\/sites\/2\/2024\/09\/Invisible-bodies-kleiner.jpg\" \/>\n\t<meta property=\"og:image:width\" content=\"842\" \/>\n\t<meta property=\"og:image:height\" content=\"595\" \/>\n\t<meta property=\"og:image:type\" content=\"image\/jpeg\" \/>\n<meta name=\"twitter:card\" content=\"summary_large_image\" \/>\n<meta name=\"twitter:label1\" content=\"Est. reading time\" \/>\n\t<meta name=\"twitter:data1\" content=\"3 minutes\" \/>\n<script type=\"application\/ld+json\" class=\"yoast-schema-graph\">{\"@context\":\"https:\\\/\\\/schema.org\",\"@graph\":[{\"@type\":\"WebPage\",\"@id\":\"https:\\\/\\\/dialogmuseum.de\\\/en\\\/out-of-sight_invisible-bodies\\\/\",\"url\":\"https:\\\/\\\/dialogmuseum.de\\\/en\\\/out-of-sight_invisible-bodies\\\/\",\"name\":\"Out of sight_Invisible Bodies - Dialogmuseum Frankfurt EN\",\"isPartOf\":{\"@id\":\"https:\\\/\\\/dialogmuseum.de\\\/en\\\/#website\"},\"primaryImageOfPage\":{\"@id\":\"https:\\\/\\\/dialogmuseum.de\\\/en\\\/out-of-sight_invisible-bodies\\\/#primaryimage\"},\"image\":{\"@id\":\"https:\\\/\\\/dialogmuseum.de\\\/en\\\/out-of-sight_invisible-bodies\\\/#primaryimage\"},\"thumbnailUrl\":\"https:\\\/\\\/dialogmuseum.de\\\/en\\\/wp-content\\\/uploads\\\/sites\\\/2\\\/2024\\\/09\\\/Invisible-bodies-kleiner.jpg\",\"datePublished\":\"2025-03-07T09:46:44+00:00\",\"dateModified\":\"2025-06-03T13:54:13+00:00\",\"breadcrumb\":{\"@id\":\"https:\\\/\\\/dialogmuseum.de\\\/en\\\/out-of-sight_invisible-bodies\\\/#breadcrumb\"},\"inLanguage\":\"en-US\",\"potentialAction\":[{\"@type\":\"ReadAction\",\"target\":[\"https:\\\/\\\/dialogmuseum.de\\\/en\\\/out-of-sight_invisible-bodies\\\/\"]}]},{\"@type\":\"ImageObject\",\"inLanguage\":\"en-US\",\"@id\":\"https:\\\/\\\/dialogmuseum.de\\\/en\\\/out-of-sight_invisible-bodies\\\/#primaryimage\",\"url\":\"https:\\\/\\\/dialogmuseum.de\\\/en\\\/wp-content\\\/uploads\\\/sites\\\/2\\\/2024\\\/09\\\/Invisible-bodies-kleiner.jpg\",\"contentUrl\":\"https:\\\/\\\/dialogmuseum.de\\\/en\\\/wp-content\\\/uploads\\\/sites\\\/2\\\/2024\\\/09\\\/Invisible-bodies-kleiner.jpg\",\"width\":842,\"height\":595},{\"@type\":\"BreadcrumbList\",\"@id\":\"https:\\\/\\\/dialogmuseum.de\\\/en\\\/out-of-sight_invisible-bodies\\\/#breadcrumb\",\"itemListElement\":[{\"@type\":\"ListItem\",\"position\":1,\"name\":\"Startseite\",\"item\":\"https:\\\/\\\/dialogmuseum.de\\\/en\\\/\"},{\"@type\":\"ListItem\",\"position\":2,\"name\":\"Out of sight_Invisible Bodies\"}]},{\"@type\":\"WebSite\",\"@id\":\"https:\\\/\\\/dialogmuseum.de\\\/en\\\/#website\",\"url\":\"https:\\\/\\\/dialogmuseum.de\\\/en\\\/\",\"name\":\"Dialogmuseum Frankfurt EN\",\"description\":\"Das Museum, das Sinne macht.\",\"publisher\":{\"@id\":\"https:\\\/\\\/dialogmuseum.de\\\/en\\\/#organization\"},\"potentialAction\":[{\"@type\":\"SearchAction\",\"target\":{\"@type\":\"EntryPoint\",\"urlTemplate\":\"https:\\\/\\\/dialogmuseum.de\\\/en\\\/?s={search_term_string}\"},\"query-input\":{\"@type\":\"PropertyValueSpecification\",\"valueRequired\":true,\"valueName\":\"search_term_string\"}}],\"inLanguage\":\"en-US\"},{\"@type\":\"Organization\",\"@id\":\"https:\\\/\\\/dialogmuseum.de\\\/en\\\/#organization\",\"name\":\"Dialogmuseum Frankfurt\",\"url\":\"https:\\\/\\\/dialogmuseum.de\\\/en\\\/\",\"logo\":{\"@type\":\"ImageObject\",\"inLanguage\":\"en-US\",\"@id\":\"https:\\\/\\\/dialogmuseum.de\\\/en\\\/#\\\/schema\\\/logo\\\/image\\\/\",\"url\":\"https:\\\/\\\/dialogmuseum.de\\\/en\\\/wp-content\\\/uploads\\\/sites\\\/2\\\/2020\\\/06\\\/dmf_logo.svg\",\"contentUrl\":\"https:\\\/\\\/dialogmuseum.de\\\/en\\\/wp-content\\\/uploads\\\/sites\\\/2\\\/2020\\\/06\\\/dmf_logo.svg\",\"width\":1019,\"height\":185,\"caption\":\"Dialogmuseum Frankfurt\"},\"image\":{\"@id\":\"https:\\\/\\\/dialogmuseum.de\\\/en\\\/#\\\/schema\\\/logo\\\/image\\\/\"}}]}<\/script>\n<!-- \/ Yoast SEO plugin. -->","yoast_head_json":{"title":"Out of sight_Invisible Bodies - Dialogmuseum Frankfurt EN","robots":{"index":"index","follow":"follow","max-snippet":"max-snippet:-1","max-image-preview":"max-image-preview:large","max-video-preview":"max-video-preview:-1"},"canonical":"https:\/\/dialogmuseum.de\/en\/out-of-sight_invisible-bodies\/","og_locale":"en_US","og_type":"article","og_title":"Out of sight_Invisible Bodies - Dialogmuseum Frankfurt EN","og_description":"OUT OF SIGHT &#8211;Invisible Bodies Compositions by Neo H\u00fclcker and Roman PfeiferPremiere: 21.\/22. March 2025. SchnaubkorrespondenzenThere is a group of psychologists in Vienna who research the snorting of horses. The psychologists are experts in deciphering blubber snorts, veto snorts, prusters, snorts (and many others) by ear and audiogram. They teach their principle of snort correspondence [&hellip;]","og_url":"https:\/\/dialogmuseum.de\/en\/out-of-sight_invisible-bodies\/","og_site_name":"Dialogmuseum Frankfurt EN","article_modified_time":"2025-06-03T13:54:13+00:00","og_image":[{"width":842,"height":595,"url":"https:\/\/dialogmuseum.de\/en\/wp-content\/uploads\/sites\/2\/2024\/09\/Invisible-bodies-kleiner.jpg","type":"image\/jpeg"}],"twitter_card":"summary_large_image","twitter_misc":{"Est. reading time":"3 minutes"},"schema":{"@context":"https:\/\/schema.org","@graph":[{"@type":"WebPage","@id":"https:\/\/dialogmuseum.de\/en\/out-of-sight_invisible-bodies\/","url":"https:\/\/dialogmuseum.de\/en\/out-of-sight_invisible-bodies\/","name":"Out of sight_Invisible Bodies - Dialogmuseum Frankfurt EN","isPartOf":{"@id":"https:\/\/dialogmuseum.de\/en\/#website"},"primaryImageOfPage":{"@id":"https:\/\/dialogmuseum.de\/en\/out-of-sight_invisible-bodies\/#primaryimage"},"image":{"@id":"https:\/\/dialogmuseum.de\/en\/out-of-sight_invisible-bodies\/#primaryimage"},"thumbnailUrl":"https:\/\/dialogmuseum.de\/en\/wp-content\/uploads\/sites\/2\/2024\/09\/Invisible-bodies-kleiner.jpg","datePublished":"2025-03-07T09:46:44+00:00","dateModified":"2025-06-03T13:54:13+00:00","breadcrumb":{"@id":"https:\/\/dialogmuseum.de\/en\/out-of-sight_invisible-bodies\/#breadcrumb"},"inLanguage":"en-US","potentialAction":[{"@type":"ReadAction","target":["https:\/\/dialogmuseum.de\/en\/out-of-sight_invisible-bodies\/"]}]},{"@type":"ImageObject","inLanguage":"en-US","@id":"https:\/\/dialogmuseum.de\/en\/out-of-sight_invisible-bodies\/#primaryimage","url":"https:\/\/dialogmuseum.de\/en\/wp-content\/uploads\/sites\/2\/2024\/09\/Invisible-bodies-kleiner.jpg","contentUrl":"https:\/\/dialogmuseum.de\/en\/wp-content\/uploads\/sites\/2\/2024\/09\/Invisible-bodies-kleiner.jpg","width":842,"height":595},{"@type":"BreadcrumbList","@id":"https:\/\/dialogmuseum.de\/en\/out-of-sight_invisible-bodies\/#breadcrumb","itemListElement":[{"@type":"ListItem","position":1,"name":"Startseite","item":"https:\/\/dialogmuseum.de\/en\/"},{"@type":"ListItem","position":2,"name":"Out of sight_Invisible Bodies"}]},{"@type":"WebSite","@id":"https:\/\/dialogmuseum.de\/en\/#website","url":"https:\/\/dialogmuseum.de\/en\/","name":"Dialogmuseum Frankfurt EN","description":"Das Museum, das Sinne macht.","publisher":{"@id":"https:\/\/dialogmuseum.de\/en\/#organization"},"potentialAction":[{"@type":"SearchAction","target":{"@type":"EntryPoint","urlTemplate":"https:\/\/dialogmuseum.de\/en\/?s={search_term_string}"},"query-input":{"@type":"PropertyValueSpecification","valueRequired":true,"valueName":"search_term_string"}}],"inLanguage":"en-US"},{"@type":"Organization","@id":"https:\/\/dialogmuseum.de\/en\/#organization","name":"Dialogmuseum Frankfurt","url":"https:\/\/dialogmuseum.de\/en\/","logo":{"@type":"ImageObject","inLanguage":"en-US","@id":"https:\/\/dialogmuseum.de\/en\/#\/schema\/logo\/image\/","url":"https:\/\/dialogmuseum.de\/en\/wp-content\/uploads\/sites\/2\/2020\/06\/dmf_logo.svg","contentUrl":"https:\/\/dialogmuseum.de\/en\/wp-content\/uploads\/sites\/2\/2020\/06\/dmf_logo.svg","width":1019,"height":185,"caption":"Dialogmuseum Frankfurt"},"image":{"@id":"https:\/\/dialogmuseum.de\/en\/#\/schema\/logo\/image\/"}}]}},"_links":{"self":[{"href":"https:\/\/dialogmuseum.de\/en\/wp-json\/wp\/v2\/pages\/7688","targetHints":{"allow":["GET"]}}],"collection":[{"href":"https:\/\/dialogmuseum.de\/en\/wp-json\/wp\/v2\/pages"}],"about":[{"href":"https:\/\/dialogmuseum.de\/en\/wp-json\/wp\/v2\/types\/page"}],"author":[{"embeddable":true,"href":"https:\/\/dialogmuseum.de\/en\/wp-json\/wp\/v2\/users\/29"}],"replies":[{"embeddable":true,"href":"https:\/\/dialogmuseum.de\/en\/wp-json\/wp\/v2\/comments?post=7688"}],"version-history":[{"count":0,"href":"https:\/\/dialogmuseum.de\/en\/wp-json\/wp\/v2\/pages\/7688\/revisions"}],"wp:attachment":[{"href":"https:\/\/dialogmuseum.de\/en\/wp-json\/wp\/v2\/media?parent=7688"}],"curies":[{"name":"wp","href":"https:\/\/api.w.org\/{rel}","templated":true}]}}